{"id":15,"date":"2026-03-03T16:53:02","date_gmt":"2026-03-03T16:53:02","guid":{"rendered":"https:\/\/zammartitradeweb2860.live-website.com\/?page_id=15"},"modified":"2026-04-08T22:44:05","modified_gmt":"2026-04-08T22:44:05","slug":"inicio","status":"publish","type":"page","link":"https:\/\/zammartitrade.com\/en\/","title":{"rendered":"Home"},"content":{"rendered":"<div class=\"wp-block-cover alignwide\"><img loading=\"lazy\" decoding=\"async\" width=\"1024\" height=\"559\" class=\"wp-block-cover__image-background wp-image-40\" alt=\"\" src=\"https:\/\/zammartitrade.com\/wp-content\/uploads\/2026\/03\/Gemini_Generated_Image_wqznx4wqznx4wqzn-1024x559.png\" data-object-fit=\"cover\" srcset=\"https:\/\/zammartitrade.com\/wp-content\/uploads\/2026\/03\/Gemini_Generated_Image_wqznx4wqznx4wqzn-1024x559.png 1024w, https:\/\/zammartitrade.com\/wp-content\/uploads\/2026\/03\/Gemini_Generated_Image_wqznx4wqznx4wqzn-300x164.png 300w, https:\/\/zammartitrade.com\/wp-content\/uploads\/2026\/03\/Gemini_Generated_Image_wqznx4wqznx4wqzn-768x419.png 768w, https:\/\/zammartitrade.com\/wp-content\/uploads\/2026\/03\/Gemini_Generated_Image_wqznx4wqznx4wqzn-1536x838.png 1536w, https:\/\/zammartitrade.com\/wp-content\/uploads\/2026\/03\/Gemini_Generated_Image_wqznx4wqznx4wqzn-2048x1117.png 2048w\" sizes=\"auto, (max-width: 1024px) 100vw, 1024px\" \/><span aria-hidden=\"true\" class=\"wp-block-cover__background has-background-dim\"><\/span><div class=\"wp-block-cover__inner-container is-layout-flow wp-block-cover-is-layout-flow\">\n<div class=\"wp-block-group has-global-padding is-layout-constrained wp-block-group-is-layout-constrained\">\n<p data-wp-context---core-fit-text=\"core\/fit-text::{&quot;fontSize&quot;:&quot;&quot;}\" data-wp-init---core-fit-text=\"core\/fit-text::callbacks.init\" data-wp-interactive data-wp-style--font-size=\"core\/fit-text::context.fontSize\" class=\"has-text-align-center is-style-text-display has-fit-text has-manrope-font-family has-large-font-size is-style-text-display--1\"><strong>Quality <\/strong>exported.<\/p>\n\n\n\n<p data-wp-context---core-fit-text=\"core\/fit-text::{&quot;fontSize&quot;:&quot;&quot;}\" data-wp-init---core-fit-text=\"core\/fit-text::callbacks.init\" data-wp-interactive data-wp-style--font-size=\"core\/fit-text::context.fontSize\" class=\"has-text-align-center has-fit-text has-large-font-size\"><strong>Trust <\/strong>that is being built.<\/p>\n<\/div>\n<\/div><\/div>\n\n\n\n<figure class=\"wp-block-image aligncenter size-full\"><img loading=\"lazy\" decoding=\"async\" width=\"373\" height=\"292\" src=\"https:\/\/zammartitradeweb2860.live-website.com\/wp-content\/uploads\/2026\/03\/logo-zammarti-trade-2.png\" alt=\"\" class=\"wp-image-16\" srcset=\"https:\/\/zammartitrade.com\/wp-content\/uploads\/2026\/03\/logo-zammarti-trade-2.png 373w, https:\/\/zammartitrade.com\/wp-content\/uploads\/2026\/03\/logo-zammarti-trade-2-300x235.png 300w\" sizes=\"auto, (max-width: 373px) 100vw, 373px\" \/><\/figure>\n\n\n\n<h1 class=\"wp-block-heading has-text-align-center has-xx-large-font-size\">Premium processed food exports that meet international standards.<\/h1>\n\n\n\n<p class=\"has-text-align-center\">We offer an orderly, reliable, and cost-effective export process. We ensure that each product meets the quality, regulatory, and logistical requirements demanded by global markets.<\/p>\n\n\n\n<p class=\"has-text-align-center\">Our services contribute to the growth and success of our clients' businesses.<\/p>\n\n\n\n<div style=\"height:55px\" aria-hidden=\"true\" class=\"wp-block-spacer\"><\/div>\n\n\n\n<div class=\"wp-block-columns alignfull are-vertically-aligned-center is-layout-flex wp-container-core-columns-is-layout-28f84493 wp-block-columns-is-layout-flex\">\n<div class=\"wp-block-column is-vertically-aligned-center is-layout-flow wp-block-column-is-layout-flow\">\n<h2 class=\"wp-block-heading\"><strong>Who are we?<\/strong><\/h2>\n\n\n\n<p>We are a Mexican company specializing in the international trade of PREMIUM quality processed foods, designed to be integrated as a strategic source within already consolidated supply chains.<\/p>\n\n\n\n<p><br>We help our clients reduce dependency, mitigate risks, and improve commercial conditions, without compromising the continuity of their current operations.<br><br>We offer competitive products that meet international standards, with robust processes for compliance, traceability, and document control.<\/p>\n\n\n\n<p><\/p>\n\n\n\n<p><\/p>\n\n\n\n<p><\/p>\n<\/div>\n\n\n\n<div class=\"wp-block-column is-vertically-aligned-center is-layout-flow wp-block-column-is-layout-flow\">\n<figure class=\"wp-block-image size-large\"><img loading=\"lazy\" decoding=\"async\" width=\"1024\" height=\"683\" src=\"https:\/\/zammartitrade.com\/wp-content\/uploads\/2026\/04\/junta-negocios-1024x683.png\" alt=\"\" class=\"wp-image-73\" srcset=\"https:\/\/zammartitrade.com\/wp-content\/uploads\/2026\/04\/junta-negocios-1024x683.png 1024w, https:\/\/zammartitrade.com\/wp-content\/uploads\/2026\/04\/junta-negocios-300x200.png 300w, https:\/\/zammartitrade.com\/wp-content\/uploads\/2026\/04\/junta-negocios-768x512.png 768w, https:\/\/zammartitrade.com\/wp-content\/uploads\/2026\/04\/junta-negocios-18x12.png 18w, https:\/\/zammartitrade.com\/wp-content\/uploads\/2026\/04\/junta-negocios.png 1536w\" sizes=\"auto, (max-width: 1024px) 100vw, 1024px\" \/><\/figure>\n<\/div>\n<\/div>\n\n\n\n<div style=\"height:100px\" aria-hidden=\"true\" class=\"wp-block-spacer\"><\/div>\n\n\n\n<h2 class=\"wp-block-heading has-text-align-center\"><strong>Products<\/strong><\/h2>\n\n\n\n<p class=\"has-text-align-center\">Dehydrated fruit, frozen fruit and selected ingredients. <\/p>\n\n\n\n<figure class=\"wp-block-gallery has-nested-images columns-2 is-cropped wp-block-gallery-2 is-layout-flex wp-block-gallery-is-layout-flex\">\n<figure class=\"wp-block-image size-large\"><img loading=\"lazy\" decoding=\"async\" width=\"1024\" height=\"1024\" data-id=\"47\" src=\"https:\/\/zammartitrade.com\/wp-content\/uploads\/2026\/03\/Gemini_Generated_Image_rihkzprihkzprihk-1024x1024.jpg\" alt=\"\" class=\"wp-image-47\" srcset=\"https:\/\/zammartitrade.com\/wp-content\/uploads\/2026\/03\/Gemini_Generated_Image_rihkzprihkzprihk-1024x1024.jpg 1024w, https:\/\/zammartitrade.com\/wp-content\/uploads\/2026\/03\/Gemini_Generated_Image_rihkzprihkzprihk-300x300.jpg 300w, https:\/\/zammartitrade.com\/wp-content\/uploads\/2026\/03\/Gemini_Generated_Image_rihkzprihkzprihk-150x150.jpg 150w, https:\/\/zammartitrade.com\/wp-content\/uploads\/2026\/03\/Gemini_Generated_Image_rihkzprihkzprihk-768x768.jpg 768w, https:\/\/zammartitrade.com\/wp-content\/uploads\/2026\/03\/Gemini_Generated_Image_rihkzprihkzprihk-1536x1536.jpg 1536w, https:\/\/zammartitrade.com\/wp-content\/uploads\/2026\/03\/Gemini_Generated_Image_rihkzprihkzprihk.jpg 2048w\" sizes=\"auto, (max-width: 1024px) 100vw, 1024px\" \/><figcaption class=\"wp-element-caption\">Dehydrated Mango<\/figcaption><\/figure>\n\n\n\n<figure class=\"wp-block-image size-large\"><img loading=\"lazy\" decoding=\"async\" width=\"1024\" height=\"559\" data-id=\"33\" src=\"https:\/\/zammartitrade.com\/wp-content\/uploads\/2026\/03\/Gemini_Generated_Image_9b99pd9b99pd9b99-1024x559.png\" alt=\"\" class=\"wp-image-33\" srcset=\"https:\/\/zammartitrade.com\/wp-content\/uploads\/2026\/03\/Gemini_Generated_Image_9b99pd9b99pd9b99-1024x559.png 1024w, https:\/\/zammartitrade.com\/wp-content\/uploads\/2026\/03\/Gemini_Generated_Image_9b99pd9b99pd9b99-300x164.png 300w, https:\/\/zammartitrade.com\/wp-content\/uploads\/2026\/03\/Gemini_Generated_Image_9b99pd9b99pd9b99-768x419.png 768w, https:\/\/zammartitrade.com\/wp-content\/uploads\/2026\/03\/Gemini_Generated_Image_9b99pd9b99pd9b99.png 1408w\" sizes=\"auto, (max-width: 1024px) 100vw, 1024px\" \/><figcaption class=\"wp-element-caption\">Dehydrated Strawberry<\/figcaption><\/figure>\n\n\n\n<figure class=\"wp-block-image size-large\"><img loading=\"lazy\" decoding=\"async\" width=\"1024\" height=\"559\" data-id=\"30\" src=\"https:\/\/zammartitrade.com\/wp-content\/uploads\/2026\/03\/Gemini_Generated_Image_8o9tbl8o9tbl8o9t-1024x559.png\" alt=\"\" class=\"wp-image-30\" srcset=\"https:\/\/zammartitrade.com\/wp-content\/uploads\/2026\/03\/Gemini_Generated_Image_8o9tbl8o9tbl8o9t-1024x559.png 1024w, https:\/\/zammartitrade.com\/wp-content\/uploads\/2026\/03\/Gemini_Generated_Image_8o9tbl8o9tbl8o9t-300x164.png 300w, https:\/\/zammartitrade.com\/wp-content\/uploads\/2026\/03\/Gemini_Generated_Image_8o9tbl8o9tbl8o9t-768x419.png 768w, https:\/\/zammartitrade.com\/wp-content\/uploads\/2026\/03\/Gemini_Generated_Image_8o9tbl8o9tbl8o9t.png 1408w\" sizes=\"auto, (max-width: 1024px) 100vw, 1024px\" \/><figcaption class=\"wp-element-caption\">Dried Apple<\/figcaption><\/figure>\n\n\n\n<figure class=\"wp-block-image size-large\"><img loading=\"lazy\" decoding=\"async\" width=\"1024\" height=\"559\" data-id=\"32\" src=\"https:\/\/zammartitrade.com\/wp-content\/uploads\/2026\/03\/Gemini_Generated_Image_4c4uu64c4uu64c4u-1024x559.png\" alt=\"\" class=\"wp-image-32\" srcset=\"https:\/\/zammartitrade.com\/wp-content\/uploads\/2026\/03\/Gemini_Generated_Image_4c4uu64c4uu64c4u-1024x559.png 1024w, https:\/\/zammartitrade.com\/wp-content\/uploads\/2026\/03\/Gemini_Generated_Image_4c4uu64c4uu64c4u-300x164.png 300w, https:\/\/zammartitrade.com\/wp-content\/uploads\/2026\/03\/Gemini_Generated_Image_4c4uu64c4uu64c4u-768x419.png 768w, https:\/\/zammartitrade.com\/wp-content\/uploads\/2026\/03\/Gemini_Generated_Image_4c4uu64c4uu64c4u.png 1408w\" sizes=\"auto, (max-width: 1024px) 100vw, 1024px\" \/><figcaption class=\"wp-element-caption\">Powders for beverages, desserts and toppings<\/figcaption><\/figure>\n\n\n\n<figure class=\"wp-block-image size-large\"><img loading=\"lazy\" decoding=\"async\" width=\"1024\" height=\"559\" data-id=\"31\" src=\"https:\/\/zammartitrade.com\/wp-content\/uploads\/2026\/03\/Gemini_Generated_Image_7hz6y67hz6y67hz6-1024x559.png\" alt=\"\" class=\"wp-image-31\" srcset=\"https:\/\/zammartitrade.com\/wp-content\/uploads\/2026\/03\/Gemini_Generated_Image_7hz6y67hz6y67hz6-1024x559.png 1024w, https:\/\/zammartitrade.com\/wp-content\/uploads\/2026\/03\/Gemini_Generated_Image_7hz6y67hz6y67hz6-300x164.png 300w, https:\/\/zammartitrade.com\/wp-content\/uploads\/2026\/03\/Gemini_Generated_Image_7hz6y67hz6y67hz6-768x419.png 768w, https:\/\/zammartitrade.com\/wp-content\/uploads\/2026\/03\/Gemini_Generated_Image_7hz6y67hz6y67hz6.png 1408w\" sizes=\"auto, (max-width: 1024px) 100vw, 1024px\" \/><figcaption class=\"wp-element-caption\">Condensed fruit: mango, frees, blackberries, blueberries, blackberries<\/figcaption><\/figure>\n<\/figure>\n\n\n\n<div style=\"height:100px\" aria-hidden=\"true\" class=\"wp-block-spacer\"><\/div>\n\n\n\n<h2 class=\"wp-block-heading has-text-align-center\"><strong>Certificates<\/strong><\/h2>\n\n\n\n<figure class=\"wp-block-image size-large\"><img loading=\"lazy\" decoding=\"async\" width=\"1024\" height=\"495\" src=\"https:\/\/zammartitrade.com\/wp-content\/uploads\/2026\/03\/Gemini_Generated_Image_wb394mwb394mwb39-1024x495.png\" alt=\"\" class=\"wp-image-35\" srcset=\"https:\/\/zammartitrade.com\/wp-content\/uploads\/2026\/03\/Gemini_Generated_Image_wb394mwb394mwb39-1024x495.png 1024w, https:\/\/zammartitrade.com\/wp-content\/uploads\/2026\/03\/Gemini_Generated_Image_wb394mwb394mwb39-300x145.png 300w, https:\/\/zammartitrade.com\/wp-content\/uploads\/2026\/03\/Gemini_Generated_Image_wb394mwb394mwb39-768x372.png 768w, https:\/\/zammartitrade.com\/wp-content\/uploads\/2026\/03\/Gemini_Generated_Image_wb394mwb394mwb39.png 1488w\" sizes=\"auto, (max-width: 1024px) 100vw, 1024px\" \/><\/figure>\n\n\n\n<p class=\"has-text-align-center\"><strong>We work with suppliers that have recognized certifications. We validate requirements by country and client from the beginning of each operation.<\/strong><\/p>\n\n\n\n<div style=\"height:100px\" aria-hidden=\"true\" class=\"wp-block-spacer\"><\/div>\n\n\n\n<h2 class=\"wp-block-heading has-text-align-center\"><strong>Contact<\/strong><\/h2>\n\n\n\n<div class=\"wp-block-columns is-layout-flex wp-container-core-columns-is-layout-28f84493 wp-block-columns-is-layout-flex\">\n<div class=\"wp-block-column is-layout-flow wp-block-column-is-layout-flow\">\n<p>Phone \/ WhatsApp:<\/p>\n\n\n\n<p><strong>+52 55 5431 61 82<\/strong><\/p>\n\n\n\n<p class=\"has-medium-font-size\"><strong><em>Mail<\/em>: <\/strong><\/p>\n\n\n\n<p class=\"has-small-font-size\">contacto@zammartitrade.com<\/p>\n\n\n\n<p class=\"has-small-font-size\">jeannette.zamudio@zammartitade.com<\/p>\n<\/div>\n\n\n\n<div class=\"wp-block-column is-layout-flow wp-block-column-is-layout-flow\">\n<p><\/p>\n\n\n\n<p class=\"has-text-align-center\">Share with us what product you are looking for, estimated volume and destination. <\/p>\n\n\n\n<p class=\"has-text-align-center\">We are confident that we have an answer of high commercial value.<\/p>\n<\/div>\n<\/div>\n\n\n\n<figure class=\"wp-block-gallery has-nested-images columns-default is-cropped wp-block-gallery-3 is-layout-flex wp-block-gallery-is-layout-flex\">\n<figure class=\"wp-block-image aligncenter size-large\"><img loading=\"lazy\" decoding=\"async\" width=\"1024\" height=\"1024\" data-id=\"44\" src=\"https:\/\/zammartitrade.com\/wp-content\/uploads\/2026\/03\/Gemini_Generated_Image_5jq2r25jq2r25jq2-1024x1024.png\" alt=\"\" class=\"wp-image-44\" srcset=\"https:\/\/zammartitrade.com\/wp-content\/uploads\/2026\/03\/Gemini_Generated_Image_5jq2r25jq2r25jq2-1024x1024.png 1024w, https:\/\/zammartitrade.com\/wp-content\/uploads\/2026\/03\/Gemini_Generated_Image_5jq2r25jq2r25jq2-300x300.png 300w, https:\/\/zammartitrade.com\/wp-content\/uploads\/2026\/03\/Gemini_Generated_Image_5jq2r25jq2r25jq2-150x150.png 150w, https:\/\/zammartitrade.com\/wp-content\/uploads\/2026\/03\/Gemini_Generated_Image_5jq2r25jq2r25jq2-768x768.png 768w, https:\/\/zammartitrade.com\/wp-content\/uploads\/2026\/03\/Gemini_Generated_Image_5jq2r25jq2r25jq2-1536x1536.png 1536w, https:\/\/zammartitrade.com\/wp-content\/uploads\/2026\/03\/Gemini_Generated_Image_5jq2r25jq2r25jq2.png 2048w\" sizes=\"auto, (max-width: 1024px) 100vw, 1024px\" \/><\/figure>\n\n\n\n<figure class=\"wp-block-image size-large\"><img loading=\"lazy\" decoding=\"async\" width=\"1024\" height=\"1024\" data-id=\"41\" src=\"https:\/\/zammartitrade.com\/wp-content\/uploads\/2026\/03\/Gemini_Generated_Image_6phye36phye36phy.png\" alt=\"\" class=\"wp-image-41\" srcset=\"https:\/\/zammartitrade.com\/wp-content\/uploads\/2026\/03\/Gemini_Generated_Image_6phye36phye36phy.png 1024w, https:\/\/zammartitrade.com\/wp-content\/uploads\/2026\/03\/Gemini_Generated_Image_6phye36phye36phy-300x300.png 300w, https:\/\/zammartitrade.com\/wp-content\/uploads\/2026\/03\/Gemini_Generated_Image_6phye36phye36phy-150x150.png 150w, https:\/\/zammartitrade.com\/wp-content\/uploads\/2026\/03\/Gemini_Generated_Image_6phye36phye36phy-768x768.png 768w\" sizes=\"auto, (max-width: 1024px) 100vw, 1024px\" \/><\/figure>\n\n\n\n<figure class=\"wp-block-image size-large\"><img loading=\"lazy\" decoding=\"async\" width=\"1024\" height=\"1024\" data-id=\"45\" src=\"https:\/\/zammartitrade.com\/wp-content\/uploads\/2026\/03\/Gemini_Generated_Image_7fftz37fftz37fft-1024x1024.png\" alt=\"\" class=\"wp-image-45\" srcset=\"https:\/\/zammartitrade.com\/wp-content\/uploads\/2026\/03\/Gemini_Generated_Image_7fftz37fftz37fft-1024x1024.png 1024w, https:\/\/zammartitrade.com\/wp-content\/uploads\/2026\/03\/Gemini_Generated_Image_7fftz37fftz37fft-300x300.png 300w, https:\/\/zammartitrade.com\/wp-content\/uploads\/2026\/03\/Gemini_Generated_Image_7fftz37fftz37fft-150x150.png 150w, https:\/\/zammartitrade.com\/wp-content\/uploads\/2026\/03\/Gemini_Generated_Image_7fftz37fftz37fft-768x768.png 768w, https:\/\/zammartitrade.com\/wp-content\/uploads\/2026\/03\/Gemini_Generated_Image_7fftz37fftz37fft-1536x1536.png 1536w, https:\/\/zammartitrade.com\/wp-content\/uploads\/2026\/03\/Gemini_Generated_Image_7fftz37fftz37fft.png 2048w\" sizes=\"auto, (max-width: 1024px) 100vw, 1024px\" \/><\/figure>\n\n\n\n<figure class=\"wp-block-image size-large\"><img loading=\"lazy\" decoding=\"async\" width=\"1024\" height=\"1024\" data-id=\"46\" src=\"https:\/\/zammartitrade.com\/wp-content\/uploads\/2026\/03\/Gemini_Generated_Image_boj451boj451boj4-1024x1024.png\" alt=\"\" class=\"wp-image-46\" srcset=\"https:\/\/zammartitrade.com\/wp-content\/uploads\/2026\/03\/Gemini_Generated_Image_boj451boj451boj4-1024x1024.png 1024w, https:\/\/zammartitrade.com\/wp-content\/uploads\/2026\/03\/Gemini_Generated_Image_boj451boj451boj4-300x300.png 300w, https:\/\/zammartitrade.com\/wp-content\/uploads\/2026\/03\/Gemini_Generated_Image_boj451boj451boj4-150x150.png 150w, https:\/\/zammartitrade.com\/wp-content\/uploads\/2026\/03\/Gemini_Generated_Image_boj451boj451boj4-768x768.png 768w, https:\/\/zammartitrade.com\/wp-content\/uploads\/2026\/03\/Gemini_Generated_Image_boj451boj451boj4-1536x1536.png 1536w, https:\/\/zammartitrade.com\/wp-content\/uploads\/2026\/03\/Gemini_Generated_Image_boj451boj451boj4.png 2048w\" sizes=\"auto, (max-width: 1024px) 100vw, 1024px\" \/><\/figure>\n\n\n\n<figure class=\"wp-block-image size-large\"><img loading=\"lazy\" decoding=\"async\" width=\"1024\" height=\"1024\" data-id=\"43\" src=\"https:\/\/zammartitrade.com\/wp-content\/uploads\/2026\/03\/Gemini_Generated_Image_jfkdfnjfkdfnjfkd.png\" alt=\"\" class=\"wp-image-43\" srcset=\"https:\/\/zammartitrade.com\/wp-content\/uploads\/2026\/03\/Gemini_Generated_Image_jfkdfnjfkdfnjfkd.png 1024w, https:\/\/zammartitrade.com\/wp-content\/uploads\/2026\/03\/Gemini_Generated_Image_jfkdfnjfkdfnjfkd-300x300.png 300w, https:\/\/zammartitrade.com\/wp-content\/uploads\/2026\/03\/Gemini_Generated_Image_jfkdfnjfkdfnjfkd-150x150.png 150w, https:\/\/zammartitrade.com\/wp-content\/uploads\/2026\/03\/Gemini_Generated_Image_jfkdfnjfkdfnjfkd-768x768.png 768w\" sizes=\"auto, (max-width: 1024px) 100vw, 1024px\" \/><\/figure>\n\n\n\n<figure class=\"wp-block-image size-large\"><img loading=\"lazy\" decoding=\"async\" width=\"1024\" height=\"1024\" data-id=\"42\" src=\"https:\/\/zammartitrade.com\/wp-content\/uploads\/2026\/03\/Gemini_Generated_Image_lsmo3xlsmo3xlsmo-1024x1024.jpg\" alt=\"\" class=\"wp-image-42\" srcset=\"https:\/\/zammartitrade.com\/wp-content\/uploads\/2026\/03\/Gemini_Generated_Image_lsmo3xlsmo3xlsmo-1024x1024.jpg 1024w, https:\/\/zammartitrade.com\/wp-content\/uploads\/2026\/03\/Gemini_Generated_Image_lsmo3xlsmo3xlsmo-300x300.jpg 300w, https:\/\/zammartitrade.com\/wp-content\/uploads\/2026\/03\/Gemini_Generated_Image_lsmo3xlsmo3xlsmo-150x150.jpg 150w, https:\/\/zammartitrade.com\/wp-content\/uploads\/2026\/03\/Gemini_Generated_Image_lsmo3xlsmo3xlsmo-768x768.jpg 768w, https:\/\/zammartitrade.com\/wp-content\/uploads\/2026\/03\/Gemini_Generated_Image_lsmo3xlsmo3xlsmo-1536x1536.jpg 1536w, https:\/\/zammartitrade.com\/wp-content\/uploads\/2026\/03\/Gemini_Generated_Image_lsmo3xlsmo3xlsmo.jpg 2048w\" sizes=\"auto, (max-width: 1024px) 100vw, 1024px\" \/><\/figure>\n\n\n\n<figure class=\"wp-block-image size-large\"><img loading=\"lazy\" decoding=\"async\" width=\"1024\" height=\"1024\" data-id=\"48\" src=\"https:\/\/zammartitrade.com\/wp-content\/uploads\/2026\/03\/Gemini_Generated_Image_mgyg4gmgyg4gmgyg-1024x1024.png\" alt=\"\" class=\"wp-image-48\" srcset=\"https:\/\/zammartitrade.com\/wp-content\/uploads\/2026\/03\/Gemini_Generated_Image_mgyg4gmgyg4gmgyg-1024x1024.png 1024w, https:\/\/zammartitrade.com\/wp-content\/uploads\/2026\/03\/Gemini_Generated_Image_mgyg4gmgyg4gmgyg-300x300.png 300w, https:\/\/zammartitrade.com\/wp-content\/uploads\/2026\/03\/Gemini_Generated_Image_mgyg4gmgyg4gmgyg-150x150.png 150w, https:\/\/zammartitrade.com\/wp-content\/uploads\/2026\/03\/Gemini_Generated_Image_mgyg4gmgyg4gmgyg-768x768.png 768w, https:\/\/zammartitrade.com\/wp-content\/uploads\/2026\/03\/Gemini_Generated_Image_mgyg4gmgyg4gmgyg-1536x1536.png 1536w, https:\/\/zammartitrade.com\/wp-content\/uploads\/2026\/03\/Gemini_Generated_Image_mgyg4gmgyg4gmgyg.png 2048w\" sizes=\"auto, (max-width: 1024px) 100vw, 1024px\" \/><\/figure>\n\n\n\n<figure class=\"wp-block-image size-large\"><img loading=\"lazy\" decoding=\"async\" width=\"1024\" height=\"1024\" data-id=\"49\" src=\"https:\/\/zammartitrade.com\/wp-content\/uploads\/2026\/03\/Gemini_Generated_Image_nf9iugnf9iugnf9i-1024x1024.png\" alt=\"\" class=\"wp-image-49\" srcset=\"https:\/\/zammartitrade.com\/wp-content\/uploads\/2026\/03\/Gemini_Generated_Image_nf9iugnf9iugnf9i-1024x1024.png 1024w, https:\/\/zammartitrade.com\/wp-content\/uploads\/2026\/03\/Gemini_Generated_Image_nf9iugnf9iugnf9i-300x300.png 300w, https:\/\/zammartitrade.com\/wp-content\/uploads\/2026\/03\/Gemini_Generated_Image_nf9iugnf9iugnf9i-150x150.png 150w, https:\/\/zammartitrade.com\/wp-content\/uploads\/2026\/03\/Gemini_Generated_Image_nf9iugnf9iugnf9i-768x768.png 768w, https:\/\/zammartitrade.com\/wp-content\/uploads\/2026\/03\/Gemini_Generated_Image_nf9iugnf9iugnf9i-1536x1536.png 1536w, https:\/\/zammartitrade.com\/wp-content\/uploads\/2026\/03\/Gemini_Generated_Image_nf9iugnf9iugnf9i.png 2048w\" sizes=\"auto, (max-width: 1024px) 100vw, 1024px\" \/><\/figure>\n\n\n\n<figure class=\"wp-block-image size-large\"><img loading=\"lazy\" decoding=\"async\" width=\"1024\" height=\"1024\" data-id=\"47\" src=\"https:\/\/zammartitrade.com\/wp-content\/uploads\/2026\/03\/Gemini_Generated_Image_rihkzprihkzprihk-1024x1024.jpg\" alt=\"\" class=\"wp-image-47\" srcset=\"https:\/\/zammartitrade.com\/wp-content\/uploads\/2026\/03\/Gemini_Generated_Image_rihkzprihkzprihk-1024x1024.jpg 1024w, https:\/\/zammartitrade.com\/wp-content\/uploads\/2026\/03\/Gemini_Generated_Image_rihkzprihkzprihk-300x300.jpg 300w, https:\/\/zammartitrade.com\/wp-content\/uploads\/2026\/03\/Gemini_Generated_Image_rihkzprihkzprihk-150x150.jpg 150w, https:\/\/zammartitrade.com\/wp-content\/uploads\/2026\/03\/Gemini_Generated_Image_rihkzprihkzprihk-768x768.jpg 768w, https:\/\/zammartitrade.com\/wp-content\/uploads\/2026\/03\/Gemini_Generated_Image_rihkzprihkzprihk-1536x1536.jpg 1536w, https:\/\/zammartitrade.com\/wp-content\/uploads\/2026\/03\/Gemini_Generated_Image_rihkzprihkzprihk.jpg 2048w\" sizes=\"auto, (max-width: 1024px) 100vw, 1024px\" \/><\/figure>\n\n\n\n<figure class=\"wp-block-image size-large\"><img loading=\"lazy\" decoding=\"async\" width=\"1024\" height=\"1024\" data-id=\"50\" src=\"https:\/\/zammartitrade.com\/wp-content\/uploads\/2026\/03\/Gemini_Generated_Image_v7qgwrv7qgwrv7qg-1024x1024.png\" alt=\"\" class=\"wp-image-50\" srcset=\"https:\/\/zammartitrade.com\/wp-content\/uploads\/2026\/03\/Gemini_Generated_Image_v7qgwrv7qgwrv7qg-1024x1024.png 1024w, https:\/\/zammartitrade.com\/wp-content\/uploads\/2026\/03\/Gemini_Generated_Image_v7qgwrv7qgwrv7qg-300x300.png 300w, https:\/\/zammartitrade.com\/wp-content\/uploads\/2026\/03\/Gemini_Generated_Image_v7qgwrv7qgwrv7qg-150x150.png 150w, https:\/\/zammartitrade.com\/wp-content\/uploads\/2026\/03\/Gemini_Generated_Image_v7qgwrv7qgwrv7qg-768x768.png 768w, https:\/\/zammartitrade.com\/wp-content\/uploads\/2026\/03\/Gemini_Generated_Image_v7qgwrv7qgwrv7qg-1536x1536.png 1536w, https:\/\/zammartitrade.com\/wp-content\/uploads\/2026\/03\/Gemini_Generated_Image_v7qgwrv7qgwrv7qg.png 2048w\" sizes=\"auto, (max-width: 1024px) 100vw, 1024px\" \/><\/figure>\n\n\n\n<figure class=\"wp-block-image size-large\"><img loading=\"lazy\" decoding=\"async\" width=\"1024\" height=\"559\" data-id=\"51\" src=\"https:\/\/zammartitrade.com\/wp-content\/uploads\/2026\/03\/Gemini_Generated_Image_wqznx4wqznx4wqzn-1-1024x559.png\" alt=\"\" class=\"wp-image-51\" srcset=\"https:\/\/zammartitrade.com\/wp-content\/uploads\/2026\/03\/Gemini_Generated_Image_wqznx4wqznx4wqzn-1-1024x559.png 1024w, https:\/\/zammartitrade.com\/wp-content\/uploads\/2026\/03\/Gemini_Generated_Image_wqznx4wqznx4wqzn-1-300x164.png 300w, https:\/\/zammartitrade.com\/wp-content\/uploads\/2026\/03\/Gemini_Generated_Image_wqznx4wqznx4wqzn-1-768x419.png 768w, https:\/\/zammartitrade.com\/wp-content\/uploads\/2026\/03\/Gemini_Generated_Image_wqznx4wqznx4wqzn-1-1536x838.png 1536w, https:\/\/zammartitrade.com\/wp-content\/uploads\/2026\/03\/Gemini_Generated_Image_wqznx4wqznx4wqzn-1-2048x1117.png 2048w\" sizes=\"auto, (max-width: 1024px) 100vw, 1024px\" \/><\/figure>\n<\/figure>\n\n\n\n<p class=\"has-text-align-center\"><strong>Copyright (c) - Mexico<\/strong> 2026<\/p>\n\n\n\n<p><\/p>","protected":false},"excerpt":{"rendered":"<p>Exportaci\u00f3n de alimentos procesados PREMIUM que cumplen con los est\u00e1ndares internacionales. Ofrecemos un proceso de exportaci\u00f3n ordenado, confiable y rentable. Aseguramos que cada producto cumpla con los requisitos de calidad, normativos y log\u00edsticos que demandan los mercados globales. Nuestros servicios contribuyen al crecimiento y \u00e9xito de los negocios de nuestros clientes. \u00bfQui\u00e9nes Somos? Somos una [&hellip;]<\/p>\n","protected":false},"author":1,"featured_media":0,"parent":0,"menu_order":0,"comment_status":"closed","ping_status":"closed","template":"","meta":{"footnotes":""},"class_list":["post-15","page","type-page","status-publish","hentry"],"_links":{"self":[{"href":"https:\/\/zammartitrade.com\/en\/wp-json\/wp\/v2\/pages\/15","targetHints":{"allow":["GET"]}}],"collection":[{"href":"https:\/\/zammartitrade.com\/en\/wp-json\/wp\/v2\/pages"}],"about":[{"href":"https:\/\/zammartitrade.com\/en\/wp-json\/wp\/v2\/types\/page"}],"author":[{"embeddable":true,"href":"https:\/\/zammartitrade.com\/en\/wp-json\/wp\/v2\/users\/1"}],"replies":[{"embeddable":true,"href":"https:\/\/zammartitrade.com\/en\/wp-json\/wp\/v2\/comments?post=15"}],"version-history":[{"count":20,"href":"https:\/\/zammartitrade.com\/en\/wp-json\/wp\/v2\/pages\/15\/revisions"}],"predecessor-version":[{"id":77,"href":"https:\/\/zammartitrade.com\/en\/wp-json\/wp\/v2\/pages\/15\/revisions\/77"}],"wp:attachment":[{"href":"https:\/\/zammartitrade.com\/en\/wp-json\/wp\/v2\/media?parent=15"}],"curies":[{"name":"wp","href":"https:\/\/api.w.org\/{rel}","templated":true}]}}